{"id":13,"date":"2025-03-21T22:58:28","date_gmt":"2025-03-21T19:58:28","guid":{"rendered":"http:\/\/www.sunendustri.com\/?page_id=13"},"modified":"2025-03-21T23:06:30","modified_gmt":"2025-03-21T20:06:30","slug":"hakkimizda","status":"publish","type":"page","link":"http:\/\/www.sunendustri.com\/?page_id=13","title":{"rendered":"HAKKIMIZDA"},"content":{"rendered":"\n<p>Uzman ekip, kaliteli ekipman ile sonu\u00e7 odakl\u0131 \u00e7\u00f6z\u00fcmler sunan SUN END\u00dcSTR\u0130, 15 y\u0131ll\u0131k sekt\u00f6rel deneyim ile tesisinde ve sahada her zaman yan\u0131n\u0131zda.<\/p>\n\n\n\n<p>Uluslararas\u0131 akreditasyona sahip kalite belgeleri ile sekt\u00f6r\u00fcnde \u00f6ne \u00e7\u0131kan SUN END\u00dcSTR\u0130, T\u00fcrkiyenin d\u00f6rt bir yan\u0131nda hizmet vermekte.<\/p>\n\n\n\n<p><\/p>\n","protected":false},"excerpt":{"rendered":"<p>Uzman ekip, kaliteli ekipman ile sonu\u00e7 odakl\u0131 \u00e7\u00f6z\u00fcmler sunan SUN END\u00dcSTR\u0130, 15 y\u0131ll\u0131k sekt\u00f6rel deneyim ile tesisinde ve sahada her zaman yan\u0131n\u0131zda. Uluslararas\u0131 akreditasyona sahip kalite belgeleri ile sekt\u00f6r\u00fcnde \u00f6ne \u00e7\u0131kan SUN END\u00dcSTR\u0130, T\u00fcrkiyenin d\u00f6rt bir yan\u0131nda hizmet vermekte.<\/p>\n","protected":false},"author":1,"featured_media":0,"parent":0,"menu_order":0,"comment_status":"closed","ping_status":"closed","template":"","meta":{"footnotes":""},"class_list":["post-13","page","type-page","status-publish","hentry"],"_links":{"self":[{"href":"http:\/\/www.sunendustri.com\/index.php?rest_route=\/wp\/v2\/pages\/13","targetHints":{"allow":["GET"]}}],"collection":[{"href":"http:\/\/www.sunendustri.com\/index.php?rest_route=\/wp\/v2\/pages"}],"about":[{"href":"http:\/\/www.sunendustri.com\/index.php?rest_route=\/wp\/v2\/types\/page"}],"author":[{"embeddable":true,"href":"http:\/\/www.sunendustri.com\/index.php?rest_route=\/wp\/v2\/users\/1"}],"replies":[{"embeddable":true,"href":"http:\/\/www.sunendustri.com\/index.php?rest_route=%2Fwp%2Fv2%2Fcomments&post=13"}],"version-history":[{"count":3,"href":"http:\/\/www.sunendustri.com\/index.php?rest_route=\/wp\/v2\/pages\/13\/revisions"}],"predecessor-version":[{"id":44,"href":"http:\/\/www.sunendustri.com\/index.php?rest_route=\/wp\/v2\/pages\/13\/revisions\/44"}],"wp:attachment":[{"href":"http:\/\/www.sunendustri.com\/index.php?rest_route=%2Fwp%2Fv2%2Fmedia&parent=13"}],"curies":[{"name":"wp","href":"https:\/\/api.w.org\/{rel}","templated":true}]}}